{"id":2071,"date":"2022-04-21T10:03:06","date_gmt":"2022-04-21T08:03:06","guid":{"rendered":"https:\/\/www.addaurateatrevisual.com\/?page_id=2071"},"modified":"2022-10-06T17:42:56","modified_gmt":"2022-10-06T15:42:56","slug":"mit","status":"publish","type":"page","link":"https:\/\/www.addaurateatrevisual.com\/es\/mit\/","title":{"rendered":"MIT"},"content":{"rendered":"<div data-elementor-type=\"wp-page\" data-elementor-id=\"2071\" class=\"elementor elementor-2071\" data-elementor-post-type=\"page\">\n\t\t\t\t\t\t<header class=\"elementor-section elementor-top-section elementor-element elementor-element-78bd2196 elementor-section-height-min-height elementor-section-content-middle elementor-section-boxed elementor-section-height-default elementor-section-items-middle\" data-id=\"78bd2196\" data-element_type=\"section\" data-settings=\"{&quot;background_background&quot;:&quot;classic&quot;}\">\n\t\t\t\t\t\t\t<div class=\"elementor-background-overlay\"><\/div>\n\t\t\t\t\t\t\t<div class=\"elementor-container elementor-column-gap-default\">\n\t\t\t\t\t<div class=\"elementor-column elementor-col-100 elementor-top-column elementor-element elementor-element-664e033f\" data-id=\"664e033f\" data-element_type=\"column\">\n\t\t\t<div class=\"elementor-widget-wrap elementor-element-populated\">\n\t\t\t\t\t\t<div class=\"elementor-element elementor-element-63681371 elementor-widget elementor-widget-heading\" data-id=\"63681371\" data-element_type=\"widget\" data-widget_type=\"heading.default\">\n\t\t\t\t<div class=\"elementor-widget-container\">\n\t\t\t<h1 class=\"elementor-heading-title elementor-size-xxl\">Museo Internacional de los T\u00edteres de Catalu\u00f1a<\/h1>\t\t<\/div>\n\t\t\t\t<\/div>\n\t\t\t\t<div class=\"elementor-element elementor-element-136309d5 elementor-widget elementor-widget-heading\" data-id=\"136309d5\" data-element_type=\"widget\" data-widget_type=\"heading.default\">\n\t\t\t\t<div class=\"elementor-widget-container\">\n\t\t\t<h3 class=\"elementor-heading-title elementor-size-large\">Teia Moner<\/h3>\t\t<\/div>\n\t\t\t\t<\/div>\n\t\t\t\t<section class=\"elementor-section elementor-inner-section elementor-element elementor-element-4465945a elementor-section-boxed elementor-section-height-default elementor-section-height-default\" data-id=\"4465945a\" data-element_type=\"section\">\n\t\t\t\t\t\t<div class=\"elementor-container elementor-column-gap-default\">\n\t\t\t\t\t<div class=\"elementor-column elementor-col-100 elementor-inner-column elementor-element elementor-element-4350\" data-id=\"4350\" data-element_type=\"column\">\n\t\t\t<div class=\"elementor-widget-wrap\">\n\t\t\t\t\t\t\t<\/div>\n\t\t<\/div>\n\t\t\t\t\t<\/div>\n\t\t<\/section>\n\t\t\t\t\t<\/div>\n\t\t<\/div>\n\t\t\t\t\t<\/div>\n\t\t<\/header>\n\t\t\t\t<section class=\"elementor-section elementor-top-section elementor-element elementor-element-3280ac37 elementor-section-content-middle elementor-section-boxed elementor-section-height-default elementor-section-height-default\" data-id=\"3280ac37\" data-element_type=\"section\" data-settings=\"{&quot;background_background&quot;:&quot;classic&quot;}\">\n\t\t\t\t\t\t\t<div class=\"elementor-background-overlay\"><\/div>\n\t\t\t\t\t\t\t<div class=\"elementor-container elementor-column-gap-default\">\n\t\t\t\t\t<div class=\"elementor-column elementor-col-100 elementor-top-column elementor-element elementor-element-f10126d\" data-id=\"f10126d\" data-element_type=\"column\">\n\t\t\t<div class=\"elementor-widget-wrap elementor-element-populated\">\n\t\t\t\t\t\t<section class=\"elementor-section elementor-inner-section elementor-element elementor-element-5173490d elementor-section-boxed elementor-section-height-default elementor-section-height-default\" data-id=\"5173490d\" data-element_type=\"section\">\n\t\t\t\t\t\t<div class=\"elementor-container elementor-column-gap-default\">\n\t\t\t\t\t<div class=\"elementor-column elementor-col-50 elementor-inner-column elementor-element elementor-element-1030a64\" data-id=\"1030a64\" data-element_type=\"column\" data-settings=\"{&quot;background_background&quot;:&quot;classic&quot;}\">\n\t\t\t<div class=\"elementor-widget-wrap elementor-element-populated\">\n\t\t\t\t\t\t\t<\/div>\n\t\t<\/div>\n\t\t\t\t<div class=\"elementor-column elementor-col-50 elementor-inner-column elementor-element elementor-element-4803fd8b\" data-id=\"4803fd8b\" data-element_type=\"column\" data-settings=\"{&quot;background_background&quot;:&quot;classic&quot;}\">\n\t\t\t<div class=\"elementor-widget-wrap elementor-element-populated\">\n\t\t\t\t\t\t<div class=\"elementor-element elementor-element-4e16d4b9 elementor-widget elementor-widget-heading\" data-id=\"4e16d4b9\" data-element_type=\"widget\" data-widget_type=\"heading.default\">\n\t\t\t\t<div class=\"elementor-widget-container\">\n\t\t\t<h4 class=\"elementor-heading-title elementor-size-medium\"><a href=\"#\">MIT<\/a><\/h4>\t\t<\/div>\n\t\t\t\t<\/div>\n\t\t\t\t<div class=\"elementor-element elementor-element-23a47590 elementor-widget elementor-widget-heading\" data-id=\"23a47590\" data-element_type=\"widget\" data-widget_type=\"heading.default\">\n\t\t\t\t<div class=\"elementor-widget-container\">\n\t\t\t<h2 class=\"elementor-heading-title elementor-size-xl\"><a href=\"#\">El pr\u00f3ximo 19 de noviembre de 2022 se inaugura el MIT, &quot;Museo Internacional de los T\u00edteres de Catalu\u00f1a. Teia Moner&quot;.<\/a><\/h2>\t\t<\/div>\n\t\t\t\t<\/div>\n\t\t\t\t<div class=\"elementor-element elementor-element-1ba0b54a elementor-widget elementor-widget-text-editor\" data-id=\"1ba0b54a\" data-element_type=\"widget\" data-widget_type=\"text-editor.default\">\n\t\t\t\t<div class=\"elementor-widget-container\">\n\t\t\t\t\t\t\t<p>El <b>MIT<\/b>\u00a0es un proyecto que nace de la mano de una mujer creadora, Teia Moner, y pretende ser un punto de encuentro del mundo titiritero y un emplazamiento donde confluyan todas las disciplinas de las artes esc\u00e9nicas, visuales y pl\u00e1sticas, desde la tradici\u00f3n a la vanguardia.<\/p>\t\t\t\t\t\t<\/div>\n\t\t\t\t<\/div>\n\t\t\t\t<div class=\"elementor-element elementor-element-ae260f9 elementor-button-danger elementor-align-center elementor-widget elementor-widget-button\" data-id=\"ae260f9\" data-element_type=\"widget\" data-widget_type=\"button.default\">\n\t\t\t\t<div class=\"elementor-widget-container\">\n\t\t\t\t\t<div class=\"elementor-button-wrapper\">\n\t\t\t<a class=\"elementor-button elementor-button-link elementor-size-md\" href=\"https:\/\/www.museudetitelles.com\/inauguracio-mit\" target=\"_blank\" rel=\"noopener\">\n\t\t\t\t\t\t<span class=\"elementor-button-content-wrapper\">\n\t\t\t\t\t\t<span class=\"elementor-button-text\">Visita la web del MIT<\/span>\n\t\t<\/span>\n\t\t\t\t\t<\/a>\n\t\t<\/div>\n\t\t\t\t<\/div>\n\t\t\t\t<\/div>\n\t\t\t\t\t<\/div>\n\t\t<\/div>\n\t\t\t\t\t<\/div>\n\t\t<\/section>\n\t\t\t\t<div class=\"elementor-element elementor-element-271b4c2 elementor-widget elementor-widget-image\" data-id=\"271b4c2\" data-element_type=\"widget\" data-widget_type=\"image.default\">\n\t\t\t\t<div class=\"elementor-widget-container\">\n\t\t\t\t\t\t\t\t\t\t\t\t\t<img fetchpriority=\"high\" decoding=\"async\" width=\"1024\" height=\"341\" src=\"https:\/\/www.addaurateatrevisual.com\/wp-content\/uploads\/2022\/09\/Logo-negre-1024x341.png\" class=\"attachment-large size-large wp-image-2247\" alt=\"\" srcset=\"https:\/\/www.addaurateatrevisual.com\/wp-content\/uploads\/2022\/09\/Logo-negre-1024x341.png 1024w, https:\/\/www.addaurateatrevisual.com\/wp-content\/uploads\/2022\/09\/Logo-negre-300x100.png 300w, https:\/\/www.addaurateatrevisual.com\/wp-content\/uploads\/2022\/09\/Logo-negre-768x256.png 768w, https:\/\/www.addaurateatrevisual.com\/wp-content\/uploads\/2022\/09\/Logo-negre-1536x512.png 1536w, https:\/\/www.addaurateatrevisual.com\/wp-content\/uploads\/2022\/09\/Logo-negre-2048x683.png 2048w, https:\/\/www.addaurateatrevisual.com\/wp-content\/uploads\/2022\/09\/Logo-negre-18x6.png 18w\" sizes=\"(max-width: 1024px) 100vw, 1024px\" \/>\t\t\t\t\t\t\t\t\t\t\t\t\t<\/div>\n\t\t\t\t<\/div>\n\t\t\t\t<div class=\"elementor-element elementor-element-3aba21a7 elementor-widget elementor-widget-heading\" data-id=\"3aba21a7\" data-element_type=\"widget\" data-widget_type=\"heading.default\">\n\t\t\t\t<div class=\"elementor-widget-container\">\n\t\t\t<h3 class=\"elementor-heading-title elementor-size-large\">Mas\u00eda Can Falguera<\/h3>\t\t<\/div>\n\t\t\t\t<\/div>\n\t\t\t\t<div class=\"elementor-element elementor-element-4a07843e elementor-widget elementor-widget-heading\" data-id=\"4a07843e\" data-element_type=\"widget\" data-widget_type=\"heading.default\">\n\t\t\t\t<div class=\"elementor-widget-container\">\n\t\t\t<h2 class=\"elementor-heading-title elementor-size-xxl\">El Museo<\/h2>\t\t<\/div>\n\t\t\t\t<\/div>\n\t\t\t\t<section class=\"elementor-section elementor-inner-section elementor-element elementor-element-5d096a77 elementor-section-boxed elementor-section-height-default elementor-section-height-default\" data-id=\"5d096a77\" data-element_type=\"section\">\n\t\t\t\t\t\t<div class=\"elementor-container elementor-column-gap-default\">\n\t\t\t\t\t<div class=\"elementor-column elementor-col-50 elementor-inner-column elementor-element elementor-element-b943a04\" data-id=\"b943a04\" data-element_type=\"column\">\n\t\t\t<div class=\"elementor-widget-wrap elementor-element-populated\">\n\t\t\t\t\t\t<div class=\"elementor-element elementor-element-690b826a elementor-drop-cap-yes elementor-drop-cap-view-stacked elementor-widget elementor-widget-text-editor\" data-id=\"690b826a\" data-element_type=\"widget\" data-settings=\"{&quot;drop_cap&quot;:&quot;yes&quot;}\" data-widget_type=\"text-editor.default\">\n\t\t\t\t<div class=\"elementor-widget-container\">\n\t\t\t\t\t\t\t<p>Se ubica en la <strong>Mas\u00eda de Can Falguera<\/strong> en Palau-solit\u00e0 i Plegamans (Vall\u00e8s Occidental) es un edificio hist\u00f3rico con elementos medievales, g\u00f3ticos, modernistas y novecentistas. Est\u00e1 incluido en el cat\u00e1logo de bienes a proteger del patrimonio cultural catal\u00e1n. All\u00ed encontraremos una colecci\u00f3n incomparable de t\u00edteres del mundo que incluye piezas de los siglos XIX a XXI. Historias del patrimonio mundial de un tiempo pasado y presente.<\/p>\t\t\t\t\t\t<\/div>\n\t\t\t\t<\/div>\n\t\t\t\t\t<\/div>\n\t\t<\/div>\n\t\t\t\t<div class=\"elementor-column elementor-col-50 elementor-inner-column elementor-element elementor-element-9293398\" data-id=\"9293398\" data-element_type=\"column\">\n\t\t\t<div class=\"elementor-widget-wrap elementor-element-populated\">\n\t\t\t\t\t\t<div class=\"elementor-element elementor-element-14416fc elementor-widget elementor-widget-text-editor\" data-id=\"14416fc\" data-element_type=\"widget\" data-widget_type=\"text-editor.default\">\n\t\t\t\t<div class=\"elementor-widget-container\">\n\t\t\t\t\t\t\t<p>Aqu\u00ed encontrar\u00e1s una colecci\u00f3n de t\u00edteres de todo el mundo con <strong>piezas \u00fanicas y singulares<\/strong> en un lugar inspirador en el que aprender, divertirse y experimentar. Un espacio abierto a otras expresiones art\u00edsticas donde compartir experiencias a trav\u00e9s de la mirada transgresora y valiente que el arte nos ofrece. Un punto de encuentro que quiere contribuir a la construcci\u00f3n de una sociedad m\u00e1s libre y con esp\u00edritu cr\u00edtico.<\/p>\t\t\t\t\t\t<\/div>\n\t\t\t\t<\/div>\n\t\t\t\t\t<\/div>\n\t\t<\/div>\n\t\t\t\t\t<\/div>\n\t\t<\/section>\n\t\t\t\t<div class=\"elementor-element elementor-element-ddaf74f elementor-widget elementor-widget-image\" data-id=\"ddaf74f\" data-element_type=\"widget\" data-widget_type=\"image.default\">\n\t\t\t\t<div class=\"elementor-widget-container\">\n\t\t\t\t\t\t\t\t\t\t\t\t\t<img decoding=\"async\" width=\"1024\" height=\"382\" src=\"https:\/\/www.addaurateatrevisual.com\/wp-content\/uploads\/2022\/04\/IMG20211025102755-01-1024x382.jpg\" class=\"attachment-large size-large wp-image-2078\" alt=\"\" srcset=\"https:\/\/www.addaurateatrevisual.com\/wp-content\/uploads\/2022\/04\/IMG20211025102755-01-1024x382.jpg 1024w, https:\/\/www.addaurateatrevisual.com\/wp-content\/uploads\/2022\/04\/IMG20211025102755-01-300x112.jpg 300w, https:\/\/www.addaurateatrevisual.com\/wp-content\/uploads\/2022\/04\/IMG20211025102755-01-768x287.jpg 768w, https:\/\/www.addaurateatrevisual.com\/wp-content\/uploads\/2022\/04\/IMG20211025102755-01-1536x574.jpg 1536w, https:\/\/www.addaurateatrevisual.com\/wp-content\/uploads\/2022\/04\/IMG20211025102755-01-18x7.jpg 18w, https:\/\/www.addaurateatrevisual.com\/wp-content\/uploads\/2022\/04\/IMG20211025102755-01.jpg 1100w\" sizes=\"(max-width: 1024px) 100vw, 1024px\" \/>\t\t\t\t\t\t\t\t\t\t\t\t\t<\/div>\n\t\t\t\t<\/div>\n\t\t\t\t\t<\/div>\n\t\t<\/div>\n\t\t\t\t\t<\/div>\n\t\t<\/section>\n\t\t\t\t<section class=\"elementor-section elementor-top-section elementor-element elementor-element-39a4601 elementor-section-content-middle elementor-section-boxed elementor-section-height-default elementor-section-height-default\" data-id=\"39a4601\" data-element_type=\"section\" data-settings=\"{&quot;background_background&quot;:&quot;classic&quot;}\">\n\t\t\t\t\t\t\t<div class=\"elementor-background-overlay\"><\/div>\n\t\t\t\t\t\t\t<div class=\"elementor-container elementor-column-gap-default\">\n\t\t\t\t\t<div class=\"elementor-column elementor-col-100 elementor-top-column elementor-element elementor-element-de55d09\" data-id=\"de55d09\" data-element_type=\"column\">\n\t\t\t<div class=\"elementor-widget-wrap elementor-element-populated\">\n\t\t\t\t\t\t<div class=\"elementor-element elementor-element-f8c6b05 elementor-widget elementor-widget-heading\" data-id=\"f8c6b05\" data-element_type=\"widget\" data-widget_type=\"heading.default\">\n\t\t\t\t<div class=\"elementor-widget-container\">\n\t\t\t<h3 class=\"elementor-heading-title elementor-size-large\">Addaura Teatro Visual<\/h3>\t\t<\/div>\n\t\t\t\t<\/div>\n\t\t\t\t<div class=\"elementor-element elementor-element-59ab85e elementor-widget elementor-widget-heading\" data-id=\"59ab85e\" data-element_type=\"widget\" data-widget_type=\"heading.default\">\n\t\t\t\t<div class=\"elementor-widget-container\">\n\t\t\t<h2 class=\"elementor-heading-title elementor-size-xxl\">Sede estable<\/h2>\t\t<\/div>\n\t\t\t\t<\/div>\n\t\t\t\t<section class=\"elementor-section elementor-inner-section elementor-element elementor-element-70eca9a elementor-section-boxed elementor-section-height-default elementor-section-height-default\" data-id=\"70eca9a\" data-element_type=\"section\">\n\t\t\t\t\t\t<div class=\"elementor-container elementor-column-gap-default\">\n\t\t\t\t\t<div class=\"elementor-column elementor-col-100 elementor-inner-column elementor-element elementor-element-d4ee77f\" data-id=\"d4ee77f\" data-element_type=\"column\">\n\t\t\t<div class=\"elementor-widget-wrap elementor-element-populated\">\n\t\t\t\t\t\t<div class=\"elementor-element elementor-element-b22eda2 elementor-drop-cap-yes elementor-drop-cap-view-stacked elementor-widget elementor-widget-text-editor\" data-id=\"b22eda2\" data-element_type=\"widget\" data-settings=\"{&quot;drop_cap&quot;:&quot;yes&quot;}\" data-widget_type=\"text-editor.default\">\n\t\t\t\t<div class=\"elementor-widget-container\">\n\t\t\t\t\t\t\t<p class=\"p1\"><span class=\"s1\">A partir de ahora\u00a0<strong>Addaura Teatro Visual<\/strong> comienza un nuevo per\u00edodo. El<strong> MIT<\/strong>\u00a0pasar\u00e1 a ser la sede estable de nuestra compa\u00f1\u00eda, desde donde prepararemos nuestros espect\u00e1culos y planificaremos la temporada.<\/span><\/p><p class=\"p1\"><span class=\"s1\">Empezamos esta nueva etapa con entusiasmo y nuevos objetivos que girar\u00e1n en cuatro ejes: la creaci\u00f3n, la experimentaci\u00f3n, la producci\u00f3n y la puesta en escena de nuevos espect\u00e1culos con proyecci\u00f3n nacional e internacional.<\/span><\/p>\t\t\t\t\t\t<\/div>\n\t\t\t\t<\/div>\n\t\t\t\t\t<\/div>\n\t\t<\/div>\n\t\t\t\t\t<\/div>\n\t\t<\/section>\n\t\t\t\t<div class=\"elementor-element elementor-element-2bcf62a elementor-button-danger elementor-align-center elementor-widget elementor-widget-button\" data-id=\"2bcf62a\" data-element_type=\"widget\" data-widget_type=\"button.default\">\n\t\t\t\t<div class=\"elementor-widget-container\">\n\t\t\t\t\t<div class=\"elementor-button-wrapper\">\n\t\t\t<a class=\"elementor-button elementor-button-link elementor-size-md\" href=\"https:\/\/www.museudetitelles.com\/\" target=\"_blank\" rel=\"noopener\">\n\t\t\t\t\t\t<span class=\"elementor-button-content-wrapper\">\n\t\t\t\t\t\t<span class=\"elementor-button-text\">Visita la web del MIT<\/span>\n\t\t<\/span>\n\t\t\t\t\t<\/a>\n\t\t<\/div>\n\t\t\t\t<\/div>\n\t\t\t\t<\/div>\n\t\t\t\t\t<\/div>\n\t\t<\/div>\n\t\t\t\t\t<\/div>\n\t\t<\/section>\n\t\t\t\t<section class=\"elementor-section elementor-top-section elementor-element elementor-element-21457b07 elementor-section-boxed elementor-section-height-default elementor-section-height-default\" data-id=\"21457b07\" data-element_type=\"section\" data-settings=\"{&quot;background_background&quot;:&quot;classic&quot;}\">\n\t\t\t\t\t\t\t<div class=\"elementor-background-overlay\"><\/div>\n\t\t\t\t\t\t\t<div class=\"elementor-container elementor-column-gap-default\">\n\t\t\t\t\t<div class=\"elementor-column elementor-col-100 elementor-top-column elementor-element elementor-element-50a89c69\" data-id=\"50a89c69\" data-element_type=\"column\">\n\t\t\t<div class=\"elementor-widget-wrap elementor-element-populated\">\n\t\t\t\t\t\t<div class=\"elementor-element elementor-element-39ab35f5 elementor-widget elementor-widget-heading\" data-id=\"39ab35f5\" data-element_type=\"widget\" data-widget_type=\"heading.default\">\n\t\t\t\t<div class=\"elementor-widget-container\">\n\t\t\t<h3 class=\"elementor-heading-title elementor-size-large\">Disfruta de una experiencia compartida<\/h3>\t\t<\/div>\n\t\t\t\t<\/div>\n\t\t\t\t<div class=\"elementor-element elementor-element-70400bd8 elementor-widget elementor-widget-heading\" data-id=\"70400bd8\" data-element_type=\"widget\" data-widget_type=\"heading.default\">\n\t\t\t\t<div class=\"elementor-widget-container\">\n\t\t\t<h2 class=\"elementor-heading-title elementor-size-xxl\">Ven a vernos en el MIT<\/h2>\t\t<\/div>\n\t\t\t\t<\/div>\n\t\t\t\t<div class=\"elementor-element elementor-element-7499d926 elementor-button-danger elementor-align-center elementor-widget elementor-widget-button\" data-id=\"7499d926\" data-element_type=\"widget\" data-widget_type=\"button.default\">\n\t\t\t\t<div class=\"elementor-widget-container\">\n\t\t\t\t\t<div class=\"elementor-button-wrapper\">\n\t\t\t<a class=\"elementor-button elementor-button-link elementor-size-md\" href=\"https:\/\/www.museudetitelles.com\/formulari\/\" target=\"_blank\" rel=\"noopener\">\n\t\t\t\t\t\t<span class=\"elementor-button-content-wrapper\">\n\t\t\t\t\t\t<span class=\"elementor-button-text\"> Solicita informaci\u00f3n<\/span>\n\t\t<\/span>\n\t\t\t\t\t<\/a>\n\t\t<\/div>\n\t\t\t\t<\/div>\n\t\t\t\t<\/div>\n\t\t\t\t\t<\/div>\n\t\t<\/div>\n\t\t\t\t\t<\/div>\n\t\t<\/section>\n\t\t\t\t<section class=\"elementor-section elementor-top-section elementor-element elementor-element-24e4672 elementor-section-boxed elementor-section-height-default elementor-section-height-default\" data-id=\"24e4672\" data-element_type=\"section\" data-settings=\"{&quot;background_background&quot;:&quot;classic&quot;}\">\n\t\t\t\t\t\t<div class=\"elementor-container elementor-column-gap-default\">\n\t\t\t\t\t<div class=\"elementor-column elementor-col-100 elementor-top-column elementor-element elementor-element-91ab8c4\" data-id=\"91ab8c4\" data-element_type=\"column\">\n\t\t\t<div class=\"elementor-widget-wrap elementor-element-populated\">\n\t\t\t\t\t\t<div class=\"elementor-element elementor-element-eaf61cb elementor-shape-circle elementor-grid-0 e-grid-align-center elementor-widget elementor-widget-social-icons\" data-id=\"eaf61cb\" data-element_type=\"widget\" data-widget_type=\"social-icons.default\">\n\t\t\t\t<div class=\"elementor-widget-container\">\n\t\t\t\t\t<div class=\"elementor-social-icons-wrapper elementor-grid\">\n\t\t\t\t\t\t\t<span class=\"elementor-grid-item\">\n\t\t\t\t\t<a class=\"elementor-icon elementor-social-icon elementor-social-icon-facebook-f elementor-animation-grow elementor-repeater-item-d285947\" href=\"https:\/\/www.facebook.com\/addaurateatrevisual\" target=\"_blank\" rel=\"noopener\">\n\t\t\t\t\t\t<span class=\"elementor-screen-only\">Facebook-f<\/span>\n\t\t\t\t\t\t<i class=\"fab fa-facebook-f\"><\/i>\t\t\t\t\t<\/a>\n\t\t\t\t<\/span>\n\t\t\t\t\t\t\t<span class=\"elementor-grid-item\">\n\t\t\t\t\t<a class=\"elementor-icon elementor-social-icon elementor-social-icon-twitter elementor-animation-grow elementor-repeater-item-398e1b5\" href=\"https:\/\/twitter.com\/AddauraCia\" target=\"_blank\" rel=\"noopener\">\n\t\t\t\t\t\t<span class=\"elementor-screen-only\">Twitter<\/span>\n\t\t\t\t\t\t<i class=\"fab fa-twitter\"><\/i>\t\t\t\t\t<\/a>\n\t\t\t\t<\/span>\n\t\t\t\t\t\t\t<span class=\"elementor-grid-item\">\n\t\t\t\t\t<a class=\"elementor-icon elementor-social-icon elementor-social-icon-instagram elementor-animation-grow elementor-repeater-item-a0b8179\" href=\"https:\/\/www.instagram.com\/addaura_teatre_visual\" target=\"_blank\" rel=\"noopener\">\n\t\t\t\t\t\t<span class=\"elementor-screen-only\">Instagram<\/span>\n\t\t\t\t\t\t<i class=\"fab fa-instagram\"><\/i>\t\t\t\t\t<\/a>\n\t\t\t\t<\/span>\n\t\t\t\t\t<\/div>\n\t\t\t\t<\/div>\n\t\t\t\t<\/div>\n\t\t\t\t\t<\/div>\n\t\t<\/div>\n\t\t\t\t\t<\/div>\n\t\t<\/section>\n\t\t\t\t<\/div>","protected":false},"excerpt":{"rendered":"<p>Museo Internacional de los T\u00edteres de Catalu\u00f1a Teia Moner MIT El pr\u00f3ximo 19 de noviembre de 2022 se inaugura el MIT, \u201cMuseo Internacional de los T\u00edteres de Catalu\u00f1a. T\u00eda Moner\u201d. El MIT es un proyecto que nace de la mano de una mujer creadora, Teia Moner, y pretende ser un punto de encuentro del mundo titiritero y un \u2026 <a title=\"MIT\" class=\"read-more\" href=\"https:\/\/www.addaurateatrevisual.com\/es\/mit\/\" aria-label=\"Read more about MIT\">Leer m\u00e1s<\/a><\/p>","protected":false},"author":1,"featured_media":0,"parent":0,"menu_order":0,"comment_status":"closed","ping_status":"closed","template":"elementor_header_footer","meta":{"footnotes":""},"_links":{"self":[{"href":"https:\/\/www.addaurateatrevisual.com\/es\/wp-json\/wp\/v2\/pages\/2071"}],"collection":[{"href":"https:\/\/www.addaurateatrevisual.com\/es\/wp-json\/wp\/v2\/pages"}],"about":[{"href":"https:\/\/www.addaurateatrevisual.com\/es\/wp-json\/wp\/v2\/types\/page"}],"author":[{"embeddable":true,"href":"https:\/\/www.addaurateatrevisual.com\/es\/wp-json\/wp\/v2\/users\/1"}],"replies":[{"embeddable":true,"href":"https:\/\/www.addaurateatrevisual.com\/es\/wp-json\/wp\/v2\/comments?post=2071"}],"version-history":[{"count":82,"href":"https:\/\/www.addaurateatrevisual.com\/es\/wp-json\/wp\/v2\/pages\/2071\/revisions"}],"predecessor-version":[{"id":2261,"href":"https:\/\/www.addaurateatrevisual.com\/es\/wp-json\/wp\/v2\/pages\/2071\/revisions\/2261"}],"wp:attachment":[{"href":"https:\/\/www.addaurateatrevisual.com\/es\/wp-json\/wp\/v2\/media?parent=2071"}],"curies":[{"name":"wp","href":"https:\/\/api.w.org\/{rel}","templated":true}]}}